{"id":83,"date":"2014-03-18T14:51:23","date_gmt":"2014-03-18T14:51:23","guid":{"rendered":"http:\/\/id-build.com\/wp-ARBCA\/?page_id=83"},"modified":"2024-07-09T15:07:25","modified_gmt":"2024-07-09T18:07:25","slug":"nouveau-brunswick","status":"publish","type":"page","link":"https:\/\/atlanticrbca.com\/fr\/nouveau-brunswick\/","title":{"rendered":"Nouveau-Brunswick"},"content":{"rendered":"<p><img loading=\"lazy\" decoding=\"async\" class=\"rounded aligncenter wp-image-4605 size-full\" src=\"https:\/\/atlanticrbca.com\/wp-content\/uploads\/2024\/07\/hero-1.jpg\" alt=\"\" width=\"1920\" height=\"804\" srcset=\"https:\/\/atlanticrbca.com\/wp-content\/uploads\/2024\/07\/hero-1.jpg 1920w, https:\/\/atlanticrbca.com\/wp-content\/uploads\/2024\/07\/hero-1-300x126.jpg 300w, https:\/\/atlanticrbca.com\/wp-content\/uploads\/2024\/07\/hero-1-1024x429.jpg 1024w, https:\/\/atlanticrbca.com\/wp-content\/uploads\/2024\/07\/hero-1-768x322.jpg 768w, https:\/\/atlanticrbca.com\/wp-content\/uploads\/2024\/07\/hero-1-1536x643.jpg 1536w, https:\/\/atlanticrbca.com\/wp-content\/uploads\/2024\/07\/hero-1-624x261.jpg 624w\" sizes=\"auto, (max-width: 1920px) 100vw, 1920px\" \/><\/p>\n<p>Le Minist\u00e8re de l\u2019Environnement et des Gouvernements locaux (MEGL) est responsable de la gestion du programme des lieux contamin\u00e9s de la Province. Veuillez-vous r\u00e9f\u00e9rer au <a href=\"https:\/\/www2.gnb.ca\/content\/gnb\/fr\/corporate\/promo\/programme-sites-contamines.html\" target=\"_blank\" rel=\"noopener\">Programme des lieux contamin\u00e9s<\/a> (gnb.ca) du MEGL pour les derni\u00e8res information et ressources concernant le rejet de contaminant et les exigences d\u2019un \u00e9valuation environnementale d\u2019un lieu, l\u2019assainissement et les exigence de soumission de rapport.<\/p>\n<div style=\"text-align: centre; width: 100%;\"><a href=\"https:\/\/www2.gnb.ca\/content\/gnb\/fr\/corporate\/promo\/programme-sites-contamines.html\" target=\"_blank\" class=\"downbtn rounded\" title=\"Visitez Le Minist\u00e8re de l\u2019Environnement et des Gouvernements locaux\" rel=\"noopener\" style=\"width: 280px; text-align: centre; margin: 5px auto 40px; text-decoration: none;\">Programme des lieux contamin\u00e9s<span class=\"web typeicon\"><\/span><span class=\"starburst\"><\/span><\/a><\/div>\n<p>Si vous avez des questions concernant le programme de gestion des lieux contamin\u00e9 de la Province,<br \/>\nveuillez communiquer avec le MELG \u00e0 <a href=\"mailto:assainissement@gnb.ca\">assainissement@gnb.ca<\/a>.<\/p>\n<p><!--Au Nouveau-Brunswick, l\u2019assainissement des lieux contamin\u00e9s est encadr\u00e9 par le\u00a0<a href=\"https:\/\/www2.gnb.ca\/content\/gnb\/fr\/ministeres\/egl\/environnement\/content\/terre_et_dechets.html\">minist\u00e8re de l\u2019Environnement et des Gouvernements locaux<\/a>. Les documents ci-dessous pr\u00e9sentent les proc\u00e9dures et les lignes directrices relatives \u00e0 l\u2019\u00e9valuation, \u00e0 la gestion et \u00e0 l\u2019ex\u00e9cution de processus d\u2019assainissement de lieux conform\u00e9ment aux exigences provinciales.\n\n\n<h2>Lignes directrices sur la gestion des lieux contamin\u00e9s<\/h2>\n\n\nLes\u00a0<a href=\"https:\/\/acf.atlanticrbca.com\/wp-content\/uploads\/2023\/03\/2023-Mars_CSM_Guideline_V3_-_FINAL_FR.pdf\">Lignes directrices sur la gestion des lieux contamin\u00e9s version\u00a03.0<\/a>\u00a0(mars 2023), commun\u00e9ment appel\u00e9es \u00ab\u00a0ligne directrice ou processus de gestion des lieux contamin\u00e9s (GLC)\u00a0\u00bb, repr\u00e9sentent l\u2019approche utilis\u00e9e au Nouveau-Brunswick pour l\u2019assainissement des lieux contamin\u00e9s.\n\nEn plus de la ligne directrice GLC, le document relatif aux\u00a0<a href=\"https:\/\/acf.atlanticrbca.com\/wp-content\/uploads\/2022\/05\/Exigence_en_matiere_de_soummission_et_procedures_dexamen_-_avril_2022.pdf\">exigences et proc\u00e9dures d\u2019examen<\/a>\u00a0\u00e9labore les exigences relatives \u00e0 la soumission de rapports de la part des professionnels affect\u00e9s au lieu, ainsi que les proc\u00e9dures du Minist\u00e8re en mati\u00e8re d\u2019examen et de v\u00e9rification des rapports.\n\nToutes les questions ou soumission de rapports en relation au processus de GLC peuvent \u00eatre soumis \u00e0 <a href=\"mailto:Assainissement@gnb.ca\">Assainissement@gnb.ca<\/a>.\n\nLes documents et formulaires suivants appuient les Lignes directrices\u00a0GLC:--><\/p>\n","protected":false},"excerpt":{"rendered":"<p>Le Minist\u00e8re de l\u2019Environnement et des Gouvernements locaux (MEGL) est responsable de la gestion du programme des lieux contamin\u00e9s de la Province. Veuillez-vous r\u00e9f\u00e9rer au Programme des lieux contamin\u00e9s (gnb.ca) du MEGL pour les derni\u00e8res information et ressources concernant le rejet de contaminant et les exigences d\u2019un \u00e9valuation environnementale d\u2019un lieu, l\u2019assainissement et les exigence <a class=\"moretag learnmore-btn rounded\" href=\"https:\/\/atlanticrbca.com\/fr\/nouveau-brunswick\/\">EN SAVOIR PLUS&#8230;<\/a><\/p>\n","protected":false},"author":1,"featured_media":0,"parent":0,"menu_order":0,"comment_status":"closed","ping_status":"closed","template":"page-NB-category.php","meta":{"_acf_changed":false,"footnotes":""},"class_list":["post-83","page","type-page","status-publish","hentry"],"acf":[],"_links":{"self":[{"href":"https:\/\/atlanticrbca.com\/fr\/wp-json\/wp\/v2\/pages\/83","targetHints":{"allow":["GET"]}}],"collection":[{"href":"https:\/\/atlanticrbca.com\/fr\/wp-json\/wp\/v2\/pages"}],"about":[{"href":"https:\/\/atlanticrbca.com\/fr\/wp-json\/wp\/v2\/types\/page"}],"author":[{"embeddable":true,"href":"https:\/\/atlanticrbca.com\/fr\/wp-json\/wp\/v2\/users\/1"}],"replies":[{"embeddable":true,"href":"https:\/\/atlanticrbca.com\/fr\/wp-json\/wp\/v2\/comments?post=83"}],"version-history":[{"count":86,"href":"https:\/\/atlanticrbca.com\/fr\/wp-json\/wp\/v2\/pages\/83\/revisions"}],"predecessor-version":[{"id":4620,"href":"https:\/\/atlanticrbca.com\/fr\/wp-json\/wp\/v2\/pages\/83\/revisions\/4620"}],"wp:attachment":[{"href":"https:\/\/atlanticrbca.com\/fr\/wp-json\/wp\/v2\/media?parent=83"}],"curies":[{"name":"wp","href":"https:\/\/api.w.org\/{rel}","templated":true}]}}