{"id":69,"date":"2014-03-18T14:33:22","date_gmt":"2014-03-18T14:33:22","guid":{"rendered":"http:\/\/id-build.com\/wp-ARBCA\/?page_id=69"},"modified":"2019-01-25T13:54:01","modified_gmt":"2019-01-25T17:54:01","slug":"information-technique","status":"publish","type":"page","link":"https:\/\/atlanticrbca.com\/fr\/information-technique\/","title":{"rendered":"Documents techniques"},"content":{"rendered":"\r\n<p>Le mod\u00e8le de RBCA de l\u2019Atlantique fournit des normes et des crit\u00e8res aux fins de l\u2019\u00e9valuation, de l\u2019assainissement et du r\u00e9am\u00e9nagement des lieux contamin\u00e9s par des hydrocarbures et d\u2019autres contaminants. Les documents techniques ci-dessous ont \u00e9t\u00e9 produits par le <a href=\"https:\/\/atlanticrbca.com\/fr\/about-atlantic-piri\/\">PIRI de l\u2019Atlantique<\/a>\u00a0pour fournir un soutien technique dans le cadre de l\u2019application du processus RBCA de l\u2019Atlantique.<\/p>\r\n\r\n\r\n\r\n<aside class=\"disclaimer\">\r\n<h3 class=\"disclaimer wp-block-heading\">D\u00c9CHARGE<\/h3>\r\n\r\n\r\n\r\n<div>Tous les efforts possibles sont mis en \u0153uvre pour assurer l\u2019actualit\u00e9 et l\u2019exactitude de l\u2019information et des documents contenus dans le pr\u00e9sent site. Toutefois, \u00e9tant donn\u00e9 les mises \u00e0 jour continues de l\u2019industrie, de la r\u00e9glementation et des donn\u00e9es, le PIRI de l\u2019Atlantique n\u2019assume aucune responsabilit\u00e9 quant \u00e0 l\u2019int\u00e9gralit\u00e9, \u00e0 l\u2019exactitude ou \u00e0 l\u2019efficacit\u00e9 des ressources offertes. Nous encourageons vivement les utilisateurs \u00e0 consulter les minist\u00e8res comp\u00e9tents pour s\u2019assurer que l\u2019ensemble des proc\u00e9dures et des crit\u00e8res requis sont respect\u00e9s.<\/div>\r\n<\/aside>\r\n\r\n\r\n\r\n<p>&nbsp;<\/p>\r\n","protected":false},"excerpt":{"rendered":"<p>Le mod\u00e8le de RBCA de l\u2019Atlantique fournit des normes et des crit\u00e8res aux fins de l\u2019\u00e9valuation, de l\u2019assainissement et du r\u00e9am\u00e9nagement des lieux contamin\u00e9s par des hydrocarbures et d\u2019autres contaminants. Les documents techniques ci-dessous ont \u00e9t\u00e9 produits par le PIRI de l\u2019Atlantique\u00a0pour fournir un soutien technique dans le cadre de l\u2019application du processus RBCA de <a class=\"moretag learnmore-btn rounded\" href=\"https:\/\/atlanticrbca.com\/fr\/information-technique\/\">EN SAVOIR PLUS&#8230;<\/a><\/p>\n","protected":false},"author":1,"featured_media":0,"parent":0,"menu_order":3,"comment_status":"open","ping_status":"closed","template":"page-technical-category.php","meta":{"_acf_changed":false,"footnotes":""},"class_list":["post-69","page","type-page","status-publish","hentry"],"acf":[],"_links":{"self":[{"href":"https:\/\/atlanticrbca.com\/fr\/wp-json\/wp\/v2\/pages\/69","targetHints":{"allow":["GET"]}}],"collection":[{"href":"https:\/\/atlanticrbca.com\/fr\/wp-json\/wp\/v2\/pages"}],"about":[{"href":"https:\/\/atlanticrbca.com\/fr\/wp-json\/wp\/v2\/types\/page"}],"author":[{"embeddable":true,"href":"https:\/\/atlanticrbca.com\/fr\/wp-json\/wp\/v2\/users\/1"}],"replies":[{"embeddable":true,"href":"https:\/\/atlanticrbca.com\/fr\/wp-json\/wp\/v2\/comments?post=69"}],"version-history":[{"count":13,"href":"https:\/\/atlanticrbca.com\/fr\/wp-json\/wp\/v2\/pages\/69\/revisions"}],"predecessor-version":[{"id":2875,"href":"https:\/\/atlanticrbca.com\/fr\/wp-json\/wp\/v2\/pages\/69\/revisions\/2875"}],"wp:attachment":[{"href":"https:\/\/atlanticrbca.com\/fr\/wp-json\/wp\/v2\/media?parent=69"}],"curies":[{"name":"wp","href":"https:\/\/api.w.org\/{rel}","templated":true}]}}