{"id":675,"date":"2014-05-26T18:05:28","date_gmt":"2014-05-26T18:05:28","guid":{"rendered":"http:\/\/id-build.com\/wp-ARBCA\/other-links-2\/"},"modified":"2019-01-25T13:47:16","modified_gmt":"2019-01-25T17:47:16","slug":"other-links","status":"publish","type":"page","link":"https:\/\/atlanticrbca.com\/fr\/other-links\/","title":{"rendered":"Autres Liens"},"content":{"rendered":"<h2>\u00c9chelon r\u00e9gional<\/h2>\n<ul>\n<li>Conseil \u00e9conomique des provinces de l\u2019Atlantique<br \/>\n<a class=\"learnmore-btn rounded\" title=\"Conseil \u00e9conomique des provinces de l\u2019Atlantique\" href=\"https:\/\/www.apec-econ.ca\/french\/\" target=\"_blank\" rel=\"noopener\">Lien<\/a><\/li>\n<li>Conseil canadien des ministres de l\u2019environnement<br \/>\n<a class=\"learnmore-btn rounded\" title=\" Conseil canadien des ministres de l\u2019environnement\" href=\"http:\/\/www.ccme.ca\/\" target=\"_blank\" rel=\"noopener\">Lien<\/a><\/li>\n<\/ul>\n<h2>Nouveau-Brunswick<\/h2>\n<ul>\n<li>Minist\u00e8re de l\u2019Environnement et des Gouvernements locaux du Nouveau-Brunswick<br \/>\n<a class=\"learnmore-btn rounded\" title=\" Minist\u00e8re de l\u2019Environnement et des Gouvernements locaux du Nouveau-Brunswick\" href=\"http:\/\/www.gnb.ca\/elg-egl\" target=\"_blank\" rel=\"noopener\">Lien<\/a><\/li>\n<li>Association des ing\u00e9nieurs et des g\u00e9oscientifiques du Nouveau-Brunswick<br \/>\n<a class=\"learnmore-btn rounded\" title=\"Association des ing\u00e9nieurs et des g\u00e9oscientifiques du Nouveau-Brunswick \" href=\"https:\/\/www.apegnb.com\/fr\/\" target=\"_blank\" rel=\"noopener\">Lien<\/a><\/li>\n<li>Programme d&rsquo;information environnementale bas\u00e9e sur les biens-fonds<br \/>\n<a class=\"learnmore-btn rounded\" title=\" Programme d'information environnementale bas\u00e9e sur les biens-fonds\" href=\"https:\/\/www2.gnb.ca\/content\/gnb\/fr\/services\/services_renderer.2495.Property-Based_Environmental_Information.html\" target=\"_blank\" rel=\"noopener\">Lien<\/a><\/li>\n<\/ul>\n<h2>\u00cele-du-Prince-\u00c9douard<\/h2>\n<ul>\n<li>Minist\u00e8re des Communaut\u00e9s, des Terres et de l\u2019Environnement de l\u2019\u00cele-du-Prince-\u00c9douard<br \/>\n<a class=\"learnmore-btn rounded\" title=\"\u201dMinist\u00e8re\" href=\"https:\/\/www.princeedwardisland.ca\/fr\/sujet\/communautes-terres-et-environnement\" target=\"_blank\" rel=\"noopener\">Lien<\/a><\/li>\n<li>Association of Professional Engineers of Prince Edward Island (APEPEI)<br \/>\n<a class=\"learnmore-btn rounded\" title=\"\u201dAssociation\" href=\"http:\/\/www.engineerspei.com\/\" target=\"_blank\" rel=\"noopener\">Lien<\/a><\/li>\n<\/ul>\n<h2>Terre-Neuve et Labrador<\/h2>\n<ul>\n<li>Newfoundland &#038; Labrador Department of Municipal Affairs and Environment (en anglais seulement)<br \/>\n<a class=\"learnmore-btn rounded\" title=\"Newfoundland &#038; Labrador Department of Municipal Affairs and Environment\" href=\"http:\/\/www.mae.gov.nl.ca\/environment.html\" target=\"_blank\" rel=\"noopener\">Lien<\/a><\/li>\n<li>Newfoundland Environmental Industry Association<br \/>\n<a class=\"learnmore-btn rounded\" title=\" Newfoundland Environmental Industry Association\" href=\"http:\/\/neia.org\/\" target=\"_blank\" rel=\"noopener\">Lien<\/a><\/li>\n<li>Professional Engineers and Geoscientists of Newfoundland and Labrador<br \/>\n<a class=\"learnmore-btn rounded\" title=\" Professional Engineers and Geoscientists of Newfoundland and Labrador\" href=\"http:\/\/www.pegnl.ca\/\" target=\"_blank\" rel=\"noopener\">Lien<\/a><\/li>\n<\/ul>\n<h2>Nouvelle-\u00c9cosse<\/h2>\n<ul>\n<li>Nova Scotia \u2013 Environment (en anglais seulement)<br \/>\n<a class=\"learnmore-btn rounded\" title=\"Nova Scotia \u2013 Environment\" href=\"http:\/\/www.novascotia.ca\/nse\/\" target=\"_blank\" rel=\"noopener\">Lien<\/a><\/li>\n<li>Engineers Nova Scotia<br \/>\n<a class=\"learnmore-btn rounded\" title=\"Engineers Nova Scotia\" href=\"http:\/\/engineersnovascotia.ca\/\" target=\"_blank\" rel=\"noopener\">Lien<\/a><\/li>\n<li>Association of Professional Geoscientists of Nova Scotia<br \/>\n<a class=\"learnmore-btn rounded\" title=\"Association of Professional Geoscientists of Nova Scotia\" href=\"http:\/\/www.geoscientistsns.ca\/\" target=\"_blank\" rel=\"noopener\">Lien<\/a><\/li>\n<\/ul>\n<h2>Organisations apparent\u00e9es<\/h2>\n<ul>\n<li>Canadian Brownfields Network (CBN) (en anglais seulement)<br \/>\n<a class=\"learnmore-btn rounded\" title=\"Canadian Brownfields Network (CBN)\" href=\"http:\/\/www.canadianbrownfieldsnetwork.ca\" target=\"_blank\" rel=\"noopener\">Lien<\/a><\/li>\n<li>Canadian Urban Institute (CUI) (en anglais seulement)<br \/>\n<a class=\"learnmore-btn rounded\" title=\"Canadian Urban Institute (CUI)\" href=\"http:\/\/www.canurb.org\/\" target=\"_blank\" rel=\"noopener\">Lien<\/a><\/li>\n<\/ul>\n","protected":false},"excerpt":{"rendered":"<p>\u00c9chelon r\u00e9gional Conseil \u00e9conomique des provinces de l\u2019Atlantique Lien Conseil canadien des ministres de l\u2019environnement Lien Nouveau-Brunswick Minist\u00e8re de l\u2019Environnement et des Gouvernements locaux du Nouveau-Brunswick Lien Association des ing\u00e9nieurs et des g\u00e9oscientifiques du Nouveau-Brunswick Lien Programme d&rsquo;information environnementale bas\u00e9e sur les biens-fonds Lien \u00cele-du-Prince-\u00c9douard Minist\u00e8re des Communaut\u00e9s, des Terres et de l\u2019Environnement de l\u2019\u00cele-du-Prince-\u00c9douard <a class=\"moretag learnmore-btn rounded\" href=\"https:\/\/atlanticrbca.com\/fr\/other-links\/\">EN SAVOIR PLUS&#8230;<\/a><\/p>\n","protected":false},"author":1,"featured_media":0,"parent":0,"menu_order":0,"comment_status":"closed","ping_status":"open","template":"","meta":{"_acf_changed":false,"footnotes":""},"class_list":["post-675","page","type-page","status-publish","hentry"],"acf":[],"_links":{"self":[{"href":"https:\/\/atlanticrbca.com\/fr\/wp-json\/wp\/v2\/pages\/675","targetHints":{"allow":["GET"]}}],"collection":[{"href":"https:\/\/atlanticrbca.com\/fr\/wp-json\/wp\/v2\/pages"}],"about":[{"href":"https:\/\/atlanticrbca.com\/fr\/wp-json\/wp\/v2\/types\/page"}],"author":[{"embeddable":true,"href":"https:\/\/atlanticrbca.com\/fr\/wp-json\/wp\/v2\/users\/1"}],"replies":[{"embeddable":true,"href":"https:\/\/atlanticrbca.com\/fr\/wp-json\/wp\/v2\/comments?post=675"}],"version-history":[{"count":41,"href":"https:\/\/atlanticrbca.com\/fr\/wp-json\/wp\/v2\/pages\/675\/revisions"}],"predecessor-version":[{"id":2873,"href":"https:\/\/atlanticrbca.com\/fr\/wp-json\/wp\/v2\/pages\/675\/revisions\/2873"}],"wp:attachment":[{"href":"https:\/\/atlanticrbca.com\/fr\/wp-json\/wp\/v2\/media?parent=675"}],"curies":[{"name":"wp","href":"https:\/\/api.w.org\/{rel}","templated":true}]}}