{"id":255,"date":"2014-04-30T11:36:46","date_gmt":"2014-04-30T11:36:46","guid":{"rendered":"http:\/\/id-build.com\/wp-ARBCA\/?page_id=255"},"modified":"2025-02-13T16:05:34","modified_gmt":"2025-02-13T20:05:34","slug":"les-representants-de-lindustrie","status":"publish","type":"page","link":"https:\/\/atlanticrbca.com\/fr\/les-representants-de-lindustrie\/","title":{"rendered":"Repr\u00e9sentants de l\u2019industrie"},"content":{"rendered":"<hr class=\"orangehr\" \/>\n<p><a href=\"http:\/\/www.canadianfuels.ca\/Accueil\/\" target=\"_blank\" rel=\"noopener noreferrer\"><strong>Association canadienne des carburants<\/strong><\/a><br \/>\n<strong>Helen Bennett<\/strong> (copr\u00e9sident du PIRI de l\u2019Atlantique pour l\u2019industrie)<\/p>\n<hr class=\"orangehr\" \/>\n<p><a href=\"https:\/\/www.imperialoil.ca\/fr-ca?sc_lang=fr-CA\" target=\"_blank\" rel=\"noopener noreferrer\"><strong>Compagnie P\u00e9troli\u00e8re Imp\u00e9riale Lt\u00e9e<\/strong><\/a><br \/>\n<strong>John Bertrand<\/strong><\/p>\n<hr class=\"orangehr\" \/>\n<p><a href=\"https:\/\/www.suncor.com\/fr-ca\" target=\"_blank\" rel=\"noopener noreferrer\"><strong>Suncor<\/strong><\/a><br \/>\n<strong>Donna Wojtanowski<\/strong><\/p>\n<hr class=\"orangehr\" \/>\n<p><a href=\"https:\/\/irvingoil.com\/fr\" target=\"_blank\" rel=\"noopener noreferrer\"><strong>Irving Oil<\/strong><\/a><br \/>\n<strong>Michelle Paul-Elias\/Steve Little<\/strong><\/p>\n<hr class=\"orangehr\" \/>\n","protected":false},"excerpt":{"rendered":"<p>Association canadienne des carburants Helen Bennett (copr\u00e9sident du PIRI de l\u2019Atlantique pour l\u2019industrie) Compagnie P\u00e9troli\u00e8re Imp\u00e9riale Lt\u00e9e John Bertrand Suncor Donna Wojtanowski Irving Oil Michelle Paul-Elias\/Steve Little<\/p>\n","protected":false},"author":1,"featured_media":0,"parent":0,"menu_order":0,"comment_status":"closed","ping_status":"closed","template":"page-piri.php","meta":{"_acf_changed":false,"footnotes":""},"class_list":["post-255","page","type-page","status-publish","hentry"],"acf":[],"_links":{"self":[{"href":"https:\/\/atlanticrbca.com\/fr\/wp-json\/wp\/v2\/pages\/255","targetHints":{"allow":["GET"]}}],"collection":[{"href":"https:\/\/atlanticrbca.com\/fr\/wp-json\/wp\/v2\/pages"}],"about":[{"href":"https:\/\/atlanticrbca.com\/fr\/wp-json\/wp\/v2\/types\/page"}],"author":[{"embeddable":true,"href":"https:\/\/atlanticrbca.com\/fr\/wp-json\/wp\/v2\/users\/1"}],"replies":[{"embeddable":true,"href":"https:\/\/atlanticrbca.com\/fr\/wp-json\/wp\/v2\/comments?post=255"}],"version-history":[{"count":29,"href":"https:\/\/atlanticrbca.com\/fr\/wp-json\/wp\/v2\/pages\/255\/revisions"}],"predecessor-version":[{"id":4650,"href":"https:\/\/atlanticrbca.com\/fr\/wp-json\/wp\/v2\/pages\/255\/revisions\/4650"}],"wp:attachment":[{"href":"https:\/\/atlanticrbca.com\/fr\/wp-json\/wp\/v2\/media?parent=255"}],"curies":[{"name":"wp","href":"https:\/\/api.w.org\/{rel}","templated":true}]}}