{"id":253,"date":"2014-04-30T11:36:30","date_gmt":"2014-04-30T11:36:30","guid":{"rendered":"http:\/\/id-build.com\/wp-ARBCA\/?page_id=253"},"modified":"2025-01-31T09:49:39","modified_gmt":"2025-01-31T13:49:39","slug":"regulateurs-de-latlantique","status":"publish","type":"page","link":"https:\/\/atlanticrbca.com\/fr\/regulateurs-de-latlantique\/","title":{"rendered":"Organismes de r\u00e9glementation des provinces de l&rsquo;Atlantique"},"content":{"rendered":"<p><a name=\"nb\"><\/a><\/p>\n<div class=\"contactbox rounded clearfix\"><a href=\"http:\/\/www.gnb.ca\/elg-egl\" target=\"_blank\" rel=\"noopener noreferrer\"><strong><img loading=\"lazy\" decoding=\"async\" class=\"alignnone wp-image-632 size-full\" src=\"https:\/\/atlanticrbca.com\/wp-content\/uploads\/2014\/04\/NB_Colour.gif\" alt=\"Nouveau-Brunswick\" width=\"200\" height=\"69\" \/><\/strong><br \/>\n<strong>Minist\u00e8re de l\u2019Environnement et des Gouvernements locaux du Nouveau-Brunswick<\/strong><\/a><br \/>\nDirection de la gestion des impacts (Section de l\u2019assainissement)<\/p>\n<div>Personne-ressource : <strong>Andre Fortin\/Mallory Gilliss<\/strong><br \/>\nT\u00e9l\u00e9phone : 506-453-7945<br \/>\nCourriel : <a href=\"mailto:andre.fortin@gnb.ca\">andre.fortin@gnb.ca<\/a><br \/>\n<a href=\"mailto:mallory.gilliss@gnb.ca\">mallory.gilliss@gnb.ca<\/a><\/div>\n<div>C.P. 6000<br \/>\n20, place McGloin<br \/>\nPlace Marysville<br \/>\nFredericton (Nouveau-Brunswick)<br \/>\nE3B 5H1<\/div>\n<\/div>\n<p><a name=\"nl\"><\/a><\/p>\n<div class=\"contactbox rounded clearfix\"><a href=\"http:\/\/www.mae.gov.nl.ca\/env_protection\/impactedsites\/index.html\" target=\"_blank\" rel=\"noopener noreferrer\"><img loading=\"lazy\" decoding=\"async\" class=\"alignnone wp-image-846 size-full\" src=\"https:\/\/atlanticrbca.com\/wp-content\/uploads\/2014\/04\/newfoundland_logo.png\" alt=\"Terre-Neuve-et-Labrador\" width=\"170\" height=\"85\" \/><br \/>\n<\/a><a href=\"http:\/\/www.mae.gov.nl.ca\/env_protection\/impactedsites\/index.html\" target=\"_blank\" rel=\"noopener noreferrer\"><strong>Newfoundland &amp; Labrador, Dept. of Environment, Climate Change and Municipalities<\/strong><\/a>\u00a0(en anglais seulement)<\/p>\n<div>Personne-ressource : <strong>Jennifer Simms<\/strong><br \/>\nT\u00e9l\u00e9phone : 709-729-2647<br \/>\ne-mail: <a href=\"mailto:jennifersimms@gov.nl.ca\">jennifersimms@gov.nl.ca<\/a><\/div>\n<div>C.P. 8700<br \/>\n\u00c9difice de la Conf\u00e9d\u00e9ration, 4e \u00e9tage Ouest<br \/>\nSt John\u2019s (Terre-Neuve-et-Labrador)<br \/>\nA1B 4J6<\/div>\n<\/div>\n<p><a name=\"ns\"><\/a><\/p>\n<div class=\"contactbox rounded clearfix\"><a href=\"http:\/\/www.novascotia.ca\/nse\/\" target=\"_blank\" rel=\"noopener noreferrer\"><img loading=\"lazy\" decoding=\"async\" class=\"alignnone wp-image-383 size-full\" src=\"https:\/\/atlanticrbca.com\/wp-content\/uploads\/2014\/04\/ns-logo.jpg\" alt=\"Nouvelle-\u00c9cosse\" width=\"125\" height=\"36\" \/><br \/>\n<\/a><a href=\"https:\/\/www.novascotia.ca\/nse\/\" target=\"_blank\" rel=\"noopener noreferrer\"><strong>Environment<\/strong><\/a>\u00a0(en anglais seulement)<br \/>\nSustainability and Applied Science<\/p>\n<div>Personnes-ressources : <strong>Brent Cox<\/strong> <strong>(copr\u00e9sidente du PIRI de l\u2019Atlantique)\u00a0<\/strong>ou\u00a0<strong>Jonathan Kay<\/strong><br \/>\nCourriel :<br \/>\n<a href=\"mailto:Brent.Cox@novascotia.ca\">Brent.Cox@novascotia.ca<\/a><br \/>\n<a href=\"mailto:Jonathan.Kay@novascotia.ca\">Jonathan.Kay@novascotia.ca<\/a><\/div>\n<div>1903, rue Barrington<br \/>\nBureau 2085<br \/>\nC.P. 442<br \/>\nHalifax (Nouvelle-\u00c9cosse)<br \/>\nB3J 2P8<\/div>\n<\/div>\n<p><a name=\"pei\"><\/a><\/p>\n<div class=\"contactbox rounded clearfix\"><a href=\"https:\/\/www.princeedwardisland.ca\/fr\/sujet\/communautes-terres-et-environnement\" target=\"_blank\" rel=\"noopener noreferrer\"><img loading=\"lazy\" decoding=\"async\" class=\"alignnone size-full wp-image-384\" src=\"https:\/\/atlanticrbca.com\/wp-content\/uploads\/2014\/04\/pei.jpg\" alt=\"pei\" width=\"125\" height=\"79\" \/><br \/>\n<strong>Minist\u00e8re des Environnement, \u00c9nergie et Action climatique de l\u2019\u00cele-du-Prince-\u00c9douard<\/strong><\/a><br \/>\nSection de la gestion de l\u2019environnement et des terres<\/p>\n<div>Personne-ressource : <strong>Hannah Jenkins<\/strong><br \/>\nT\u00e9l\u00e9phone : 902-368-5173<br \/>\nCourriel : <a href=\"mailto:hljenkins@gov.pe.ca\">hljenkins@gov.pe.ca<\/a><\/div>\n<div>\u00c9difice Jones, 11, rue Kent<br \/>\nC.P. 2000<br \/>\nCharlottetown (\u00cele-du-Prince-\u00c9douard)<br \/>\nC1A 7N8<\/div>\n<\/div>\n<p><a name=\"canada\"><\/a><\/p>\n<div class=\"contactbox rounded clear fix\"><img loading=\"lazy\" decoding=\"async\" class=\"alignnone size-full wp-image-1378\" src=\"https:\/\/atlanticrbca.com\/wp-content\/uploads\/2015\/03\/canada_flag.png\" alt=\"canada_flag\" width=\"60\" height=\"29\" \/><br \/>\n<strong><a href=\"https:\/\/www.canada.ca\/fr\/environnement-changement-climatique.html\" target=\"_blank\" rel=\"noopener noreferrer\">Environnement et Changement climatique Canada<\/a><\/strong><\/p>\n<div>Personne-ressource : <strong><\/strong><br \/>\nCourriel : <\/p>\n<\/div>\n<p><!-- contactbox --><\/p>\n<div>Queens Square, 45, promenade Alderney<br \/>\nDartmouth (Nouvelle-\u00c9cosse)<br \/>\nB2Y 2N6\n<\/div>\n<\/div>\n","protected":false},"excerpt":{"rendered":"<p>Minist\u00e8re de l\u2019Environnement et des Gouvernements locaux du Nouveau-Brunswick Direction de la gestion des impacts (Section de l\u2019assainissement) Personne-ressource : Andre Fortin\/Mallory Gilliss T\u00e9l\u00e9phone : 506-453-7945 Courriel : andre.fortin@gnb.ca mallory.gilliss@gnb.ca C.P. 6000 20, place McGloin Place Marysville Fredericton (Nouveau-Brunswick) E3B 5H1 Newfoundland &amp; Labrador, Dept. of Environment, Climate Change and Municipalities\u00a0(en anglais seulement) Personne-ressource : <a class=\"moretag learnmore-btn rounded\" href=\"https:\/\/atlanticrbca.com\/fr\/regulateurs-de-latlantique\/\">EN SAVOIR PLUS&#8230;<\/a><\/p>\n","protected":false},"author":1,"featured_media":0,"parent":0,"menu_order":0,"comment_status":"closed","ping_status":"closed","template":"page-piri.php","meta":{"_acf_changed":false,"footnotes":""},"class_list":["post-253","page","type-page","status-publish","hentry"],"acf":[],"_links":{"self":[{"href":"https:\/\/atlanticrbca.com\/fr\/wp-json\/wp\/v2\/pages\/253","targetHints":{"allow":["GET"]}}],"collection":[{"href":"https:\/\/atlanticrbca.com\/fr\/wp-json\/wp\/v2\/pages"}],"about":[{"href":"https:\/\/atlanticrbca.com\/fr\/wp-json\/wp\/v2\/types\/page"}],"author":[{"embeddable":true,"href":"https:\/\/atlanticrbca.com\/fr\/wp-json\/wp\/v2\/users\/1"}],"replies":[{"embeddable":true,"href":"https:\/\/atlanticrbca.com\/fr\/wp-json\/wp\/v2\/comments?post=253"}],"version-history":[{"count":81,"href":"https:\/\/atlanticrbca.com\/fr\/wp-json\/wp\/v2\/pages\/253\/revisions"}],"predecessor-version":[{"id":4641,"href":"https:\/\/atlanticrbca.com\/fr\/wp-json\/wp\/v2\/pages\/253\/revisions\/4641"}],"wp:attachment":[{"href":"https:\/\/atlanticrbca.com\/fr\/wp-json\/wp\/v2\/media?parent=253"}],"curies":[{"name":"wp","href":"https:\/\/api.w.org\/{rel}","templated":true}]}}