{"id":128,"date":"2014-04-22T12:20:18","date_gmt":"2014-04-22T12:20:18","guid":{"rendered":"http:\/\/id-build.com\/wp-ARBCA\/?page_id=128"},"modified":"2019-01-25T13:19:50","modified_gmt":"2019-01-25T17:19:50","slug":"ile-du-prince-edouard","status":"publish","type":"page","link":"https:\/\/atlanticrbca.com\/fr\/ile-du-prince-edouard\/","title":{"rendered":"\u00cele-du-Prince-\u00c9douard"},"content":{"rendered":"\r\n<p>\u00c0 l\u2019\u00cele-du-Prince-\u00c9douard, l\u2019assainissement des lieux contamin\u00e9s par des hydrocarbures p\u00e9troliers est supervis\u00e9 par <strong><a href=\"https:\/\/www.princeedwardisland.ca\/fr\/sujet\/communautes-terres-et-environnement\">le minist\u00e8re des Communaut\u00e9s, des Terres et de l\u2019Environnement<\/a><\/strong>. Veuillez communiquer avec le Minist\u00e8re\u00a0pour obtenir de l\u2019information sur les proc\u00e9dures d\u2019\u00e9valuation, de gestion et d\u2019ex\u00e9cution de processus d\u2019assainissement de lieux conform\u00e9ment aux exigences provinciales.<\/p>\r\n\r\n\r\n\r\n<p><em>Dans le cadre de tout processus d\u2019assainissement, il est vivement recommand\u00e9 de consulter rapidement le minist\u00e8re comp\u00e9tent pour s\u2019assurer que l\u2019ensemble des proc\u00e9dures et des crit\u00e8res requis sont respect\u00e9s. <\/em><\/p>\r\n","protected":false},"excerpt":{"rendered":"<p>\u00c0 l\u2019\u00cele-du-Prince-\u00c9douard, l\u2019assainissement des lieux contamin\u00e9s par des hydrocarbures p\u00e9troliers est supervis\u00e9 par le minist\u00e8re des Communaut\u00e9s, des Terres et de l\u2019Environnement. Veuillez communiquer avec le Minist\u00e8re\u00a0pour obtenir de l\u2019information sur les proc\u00e9dures d\u2019\u00e9valuation, de gestion et d\u2019ex\u00e9cution de processus d\u2019assainissement de lieux conform\u00e9ment aux exigences provinciales. Dans le cadre de tout processus d\u2019assainissement, il <a class=\"moretag learnmore-btn rounded\" href=\"https:\/\/atlanticrbca.com\/fr\/ile-du-prince-edouard\/\">EN SAVOIR PLUS&#8230;<\/a><\/p>\n","protected":false},"author":1,"featured_media":0,"parent":0,"menu_order":0,"comment_status":"open","ping_status":"open","template":"page-PEI-category.php","meta":{"_acf_changed":false,"footnotes":""},"class_list":["post-128","page","type-page","status-publish","hentry"],"acf":[],"_links":{"self":[{"href":"https:\/\/atlanticrbca.com\/fr\/wp-json\/wp\/v2\/pages\/128","targetHints":{"allow":["GET"]}}],"collection":[{"href":"https:\/\/atlanticrbca.com\/fr\/wp-json\/wp\/v2\/pages"}],"about":[{"href":"https:\/\/atlanticrbca.com\/fr\/wp-json\/wp\/v2\/types\/page"}],"author":[{"embeddable":true,"href":"https:\/\/atlanticrbca.com\/fr\/wp-json\/wp\/v2\/users\/1"}],"replies":[{"embeddable":true,"href":"https:\/\/atlanticrbca.com\/fr\/wp-json\/wp\/v2\/comments?post=128"}],"version-history":[{"count":5,"href":"https:\/\/atlanticrbca.com\/fr\/wp-json\/wp\/v2\/pages\/128\/revisions"}],"predecessor-version":[{"id":2858,"href":"https:\/\/atlanticrbca.com\/fr\/wp-json\/wp\/v2\/pages\/128\/revisions\/2858"}],"wp:attachment":[{"href":"https:\/\/atlanticrbca.com\/fr\/wp-json\/wp\/v2\/media?parent=128"}],"curies":[{"name":"wp","href":"https:\/\/api.w.org\/{rel}","templated":true}]}}