{"id":126,"date":"2014-04-22T12:18:09","date_gmt":"2014-04-22T12:18:09","guid":{"rendered":"http:\/\/id-build.com\/wp-ARBCA\/?page_id=126"},"modified":"2019-01-25T13:17:44","modified_gmt":"2019-01-25T17:17:44","slug":"nouvelle-ecosse","status":"publish","type":"page","link":"https:\/\/atlanticrbca.com\/fr\/nouvelle-ecosse\/","title":{"rendered":"Nouvelle-\u00c9cosse"},"content":{"rendered":"<p>En Nouvelle-\u00c9cosse, l\u2019assainissement des lieux contamin\u00e9s par des hydrocarbures p\u00e9troliers est coordonn\u00e9 dans le cadre du <a href=\"https:\/\/www.novascotia.ca\/nse\/contaminatedsites\/\"><strong>programme des lieux contamin\u00e9s<\/strong><\/a> du minist\u00e8re de l\u2019Environnement (ce site est en anglais seulement). Veuillez consulter ce site pour conna\u00eetre les plus r\u00e9centes proc\u00e9dures et lignes directrices relatives \u00e0 l\u2019\u00e9valuation, \u00e0 la gestion et \u00e0 l\u2019ex\u00e9cution de processus d\u2019assainissement de lieux conform\u00e9ment aux exigences provinciales.<\/p>\n<p><em>Si vous avez des questions concernant le programme de gestion des lieux contamin\u00e9s de la province, veuillez communiquer avec le Minist\u00e8re \u00e0 <a href=\"mailto:csp_engagement@novascotia.ca\">csp_engagement@novascotia.ca<\/a>. <\/em><\/p>\n","protected":false},"excerpt":{"rendered":"<p>En Nouvelle-\u00c9cosse, l\u2019assainissement des lieux contamin\u00e9s par des hydrocarbures p\u00e9troliers est coordonn\u00e9 dans le cadre du programme des lieux contamin\u00e9s du minist\u00e8re de l\u2019Environnement (ce site est en anglais seulement). Veuillez consulter ce site pour conna\u00eetre les plus r\u00e9centes proc\u00e9dures et lignes directrices relatives \u00e0 l\u2019\u00e9valuation, \u00e0 la gestion et \u00e0 l\u2019ex\u00e9cution de processus d\u2019assainissement <a class=\"moretag learnmore-btn rounded\" href=\"https:\/\/atlanticrbca.com\/fr\/nouvelle-ecosse\/\">EN SAVOIR PLUS&#8230;<\/a><\/p>\n","protected":false},"author":1,"featured_media":0,"parent":0,"menu_order":0,"comment_status":"open","ping_status":"open","template":"page-NS-category.php","meta":{"_acf_changed":false,"footnotes":""},"class_list":["post-126","page","type-page","status-publish","hentry"],"acf":[],"_links":{"self":[{"href":"https:\/\/atlanticrbca.com\/fr\/wp-json\/wp\/v2\/pages\/126","targetHints":{"allow":["GET"]}}],"collection":[{"href":"https:\/\/atlanticrbca.com\/fr\/wp-json\/wp\/v2\/pages"}],"about":[{"href":"https:\/\/atlanticrbca.com\/fr\/wp-json\/wp\/v2\/types\/page"}],"author":[{"embeddable":true,"href":"https:\/\/atlanticrbca.com\/fr\/wp-json\/wp\/v2\/users\/1"}],"replies":[{"embeddable":true,"href":"https:\/\/atlanticrbca.com\/fr\/wp-json\/wp\/v2\/comments?post=126"}],"version-history":[{"count":8,"href":"https:\/\/atlanticrbca.com\/fr\/wp-json\/wp\/v2\/pages\/126\/revisions"}],"predecessor-version":[{"id":2856,"href":"https:\/\/atlanticrbca.com\/fr\/wp-json\/wp\/v2\/pages\/126\/revisions\/2856"}],"wp:attachment":[{"href":"https:\/\/atlanticrbca.com\/fr\/wp-json\/wp\/v2\/media?parent=126"}],"curies":[{"name":"wp","href":"https:\/\/api.w.org\/{rel}","templated":true}]}}