{"id":123,"date":"2014-04-21T18:35:18","date_gmt":"2014-04-21T18:35:18","guid":{"rendered":"http:\/\/id-build.com\/wp-ARBCA\/?page_id=123"},"modified":"2019-01-28T11:02:37","modified_gmt":"2019-01-28T15:02:37","slug":"terre-neuve-et-labrador","status":"publish","type":"page","link":"https:\/\/atlanticrbca.com\/fr\/terre-neuve-et-labrador\/","title":{"rendered":"Terre-Neuve-et-Labrador"},"content":{"rendered":"<p>\u00c0 Terre-Neuve-et-Labrador, l\u2019assainissement des lieux contamin\u00e9s est supervis\u00e9 par la <strong><a href=\"http:\/\/www.mae.gov.nl.ca\/env_protection\/impactedsites\/index.html\" target=\"_blank\" rel=\"noopener\">Impacted Sites Management Section<\/a><\/strong>\u00a0(ISMS) du minist\u00e8re des Municipal Affairs and Environment. Veuillez consulter le site\u00a0Web de l\u2019ISMS pour obtenir de l\u2019information au sujet des plus r\u00e9centes proc\u00e9dures et lignes directrices concernant l\u2019ex\u00e9cution d\u2019\u00e9valuations environnementales de sites et de travaux d\u2019assainissement conform\u00e9ment aux exigences provinciales, ainsi que des renseignements utiles sur les recherches environnementales relatives aux propri\u00e9t\u00e9s (souvent aux fins d\u2019une \u00e9valuation environnementale d\u2019un lieu \u2013 phase\u00a0I), les lieux provinciaux contamin\u00e9s g\u00e9r\u00e9s par l\u2019ISMS et les frais associ\u00e9s aux services de l\u2019ISMS.<\/p>\n<p>\u00c0 Terre-Neuve-et-Labrador, les professionnels affect\u00e9s au lieu doivent s\u2019inscrire aupr\u00e8s du Minist\u00e8re (par l\u2019interm\u00e9diaire de l\u2019ISMS). Le site\u00a0Web de l\u2019ISMS contient une liste d\u2019entreprises comptant des professionnels affect\u00e9s au lieu qui sont inscrits.<\/p>\n<p><em>Dans le cadre de tout processus d\u2019assainissement, il est vivement recommand\u00e9 de consulter rapidement le minist\u00e8re comp\u00e9tent pour s\u2019assurer que l\u2019ensemble des proc\u00e9dures et des crit\u00e8res requis sont respect\u00e9s. <\/em><\/p>\n","protected":false},"excerpt":{"rendered":"<p>\u00c0 Terre-Neuve-et-Labrador, l\u2019assainissement des lieux contamin\u00e9s est supervis\u00e9 par la Impacted Sites Management Section\u00a0(ISMS) du minist\u00e8re des Municipal Affairs and Environment. Veuillez consulter le site\u00a0Web de l\u2019ISMS pour obtenir de l\u2019information au sujet des plus r\u00e9centes proc\u00e9dures et lignes directrices concernant l\u2019ex\u00e9cution d\u2019\u00e9valuations environnementales de sites et de travaux d\u2019assainissement conform\u00e9ment aux exigences provinciales, ainsi <a class=\"moretag learnmore-btn rounded\" href=\"https:\/\/atlanticrbca.com\/fr\/terre-neuve-et-labrador\/\">EN SAVOIR PLUS&#8230;<\/a><\/p>\n","protected":false},"author":1,"featured_media":0,"parent":0,"menu_order":0,"comment_status":"open","ping_status":"open","template":"page-NF-category.php","meta":{"_acf_changed":false,"footnotes":""},"class_list":["post-123","page","type-page","status-publish","hentry"],"acf":[],"_links":{"self":[{"href":"https:\/\/atlanticrbca.com\/fr\/wp-json\/wp\/v2\/pages\/123","targetHints":{"allow":["GET"]}}],"collection":[{"href":"https:\/\/atlanticrbca.com\/fr\/wp-json\/wp\/v2\/pages"}],"about":[{"href":"https:\/\/atlanticrbca.com\/fr\/wp-json\/wp\/v2\/types\/page"}],"author":[{"embeddable":true,"href":"https:\/\/atlanticrbca.com\/fr\/wp-json\/wp\/v2\/users\/1"}],"replies":[{"embeddable":true,"href":"https:\/\/atlanticrbca.com\/fr\/wp-json\/wp\/v2\/comments?post=123"}],"version-history":[{"count":11,"href":"https:\/\/atlanticrbca.com\/fr\/wp-json\/wp\/v2\/pages\/123\/revisions"}],"predecessor-version":[{"id":2878,"href":"https:\/\/atlanticrbca.com\/fr\/wp-json\/wp\/v2\/pages\/123\/revisions\/2878"}],"wp:attachment":[{"href":"https:\/\/atlanticrbca.com\/fr\/wp-json\/wp\/v2\/media?parent=123"}],"curies":[{"name":"wp","href":"https:\/\/api.w.org\/{rel}","templated":true}]}}