{"id":1214,"date":"2015-02-28T10:21:43","date_gmt":"2015-02-28T14:21:43","guid":{"rendered":"http:\/\/www.atlanticrbca.com\/?page_id=1214"},"modified":"2023-03-29T11:02:25","modified_gmt":"2023-03-29T14:02:25","slug":"atlantic-piri-strategic-plan","status":"publish","type":"page","link":"https:\/\/atlanticrbca.com\/fr\/atlantic-piri-strategic-plan\/","title":{"rendered":"Plan strat\u00e9gique (2021-2026) du PIRI de l\u2019Atlantique"},"content":{"rendered":"<div class=\"containerstrategic\">\n<div class=\"Text\">\nLe PIRI de l\u2019Atlantique a pour mission d\u2019\u00eatre un chef de file de l\u2019harmonisation de la r\u00e9glementation et des mesures propres aux sites pour la gestion des lieux contamin\u00e9s. Le\u00a0<strong><a href=\"https:\/\/acf.atlanticrbca.com\/wp-content\/uploads\/2021\/11\/Atlantic_PIRI_Strategic_Plan_2021_to_2026_Final_June_2020.pdf\" target=\"_blank\" rel=\"noopener\">Strategic Plan (2021 \u2013 2026)<\/a><\/strong> (en anglais seulement) du PIRI de l\u2019Atlantique d\u00e9crit les \u00e9l\u00e9ments cl\u00e9s notamment la vision, les valeurs, les objectifs strat\u00e9giques et les indicateurs de rendement.\n<\/div>\n<div class=\"Button\" style=\"width: 260px; height: 300px;\">\n<div class=\"Strategicbox\"><div class=\"StrategicBtnBox\">\n\t\t\t\t<a title=\"Atlantic PIRI Strategic Plan\" href=\"https:\/\/atlanticrbca.com\/wp-content\/uploads\/2021\/11\/Atlantic_PIRI_Strategic_Plan_2021_to_2026_Final_June_2020.pdf\" target=\"_blank\" rel=\"noopener\" class=\"StrategicBtn\"  style=\"height: 70px;\" ><span class=\"ngreen brk\">ATLANTIC PIRI<\/span>STRATEGIC PLAN<span class=\"brk\">( 2021-2026 )<span class=\"brk\">( en anglais seulement )<\/span><\/span><\/a>\n\t\t\t<\/div><\/div>\n<\/p>\n<\/div>\n<\/div>\n","protected":false},"excerpt":{"rendered":"<p>Le PIRI de l\u2019Atlantique a pour mission d\u2019\u00eatre un chef de file de l\u2019harmonisation de la r\u00e9glementation et des mesures propres aux sites pour la gestion des lieux contamin\u00e9s. Le\u00a0Strategic Plan (2021 \u2013 2026) (en anglais seulement) du PIRI de l\u2019Atlantique d\u00e9crit les \u00e9l\u00e9ments cl\u00e9s notamment la vision, les valeurs, les objectifs strat\u00e9giques et les <a class=\"moretag learnmore-btn rounded\" href=\"https:\/\/atlanticrbca.com\/fr\/atlantic-piri-strategic-plan\/\">EN SAVOIR PLUS&#8230;<\/a><\/p>\n","protected":false},"author":1,"featured_media":0,"parent":0,"menu_order":0,"comment_status":"closed","ping_status":"open","template":"page-piri.php","meta":{"_acf_changed":false,"footnotes":""},"class_list":["post-1214","page","type-page","status-publish","hentry"],"acf":[],"_links":{"self":[{"href":"https:\/\/atlanticrbca.com\/fr\/wp-json\/wp\/v2\/pages\/1214","targetHints":{"allow":["GET"]}}],"collection":[{"href":"https:\/\/atlanticrbca.com\/fr\/wp-json\/wp\/v2\/pages"}],"about":[{"href":"https:\/\/atlanticrbca.com\/fr\/wp-json\/wp\/v2\/types\/page"}],"author":[{"embeddable":true,"href":"https:\/\/atlanticrbca.com\/fr\/wp-json\/wp\/v2\/users\/1"}],"replies":[{"embeddable":true,"href":"https:\/\/atlanticrbca.com\/fr\/wp-json\/wp\/v2\/comments?post=1214"}],"version-history":[{"count":13,"href":"https:\/\/atlanticrbca.com\/fr\/wp-json\/wp\/v2\/pages\/1214\/revisions"}],"predecessor-version":[{"id":4274,"href":"https:\/\/atlanticrbca.com\/fr\/wp-json\/wp\/v2\/pages\/1214\/revisions\/4274"}],"wp:attachment":[{"href":"https:\/\/atlanticrbca.com\/fr\/wp-json\/wp\/v2\/media?parent=1214"}],"curies":[{"name":"wp","href":"https:\/\/api.w.org\/{rel}","templated":true}]}}