{"id":115,"date":"2014-04-21T15:52:27","date_gmt":"2014-04-21T15:52:27","guid":{"rendered":"http:\/\/id-build.com\/wp-ARBCA\/?page_id=115"},"modified":"2014-10-07T12:57:23","modified_gmt":"2014-10-07T12:57:23","slug":"fr-general-faq","status":"publish","type":"page","link":"https:\/\/atlanticrbca.com\/fr\/fr-general-faq\/","title":{"rendered":"FAQ G\u00e9n\u00e9ralit\u00e9s"},"content":{"rendered":"<p>(en anglais seulement)<\/p>\n","protected":false},"excerpt":{"rendered":"<p>(en anglais seulement)<\/p>\n","protected":false},"author":1,"featured_media":0,"parent":0,"menu_order":0,"comment_status":"open","ping_status":"open","template":"page-GenFAQ-category.php","meta":{"_acf_changed":false,"footnotes":""},"class_list":["post-115","page","type-page","status-publish","hentry"],"acf":[],"_links":{"self":[{"href":"https:\/\/atlanticrbca.com\/fr\/wp-json\/wp\/v2\/pages\/115","targetHints":{"allow":["GET"]}}],"collection":[{"href":"https:\/\/atlanticrbca.com\/fr\/wp-json\/wp\/v2\/pages"}],"about":[{"href":"https:\/\/atlanticrbca.com\/fr\/wp-json\/wp\/v2\/types\/page"}],"author":[{"embeddable":true,"href":"https:\/\/atlanticrbca.com\/fr\/wp-json\/wp\/v2\/users\/1"}],"replies":[{"embeddable":true,"href":"https:\/\/atlanticrbca.com\/fr\/wp-json\/wp\/v2\/comments?post=115"}],"version-history":[{"count":3,"href":"https:\/\/atlanticrbca.com\/fr\/wp-json\/wp\/v2\/pages\/115\/revisions"}],"predecessor-version":[{"id":167,"href":"https:\/\/atlanticrbca.com\/fr\/wp-json\/wp\/v2\/pages\/115\/revisions\/167"}],"wp:attachment":[{"href":"https:\/\/atlanticrbca.com\/fr\/wp-json\/wp\/v2\/media?parent=115"}],"curies":[{"name":"wp","href":"https:\/\/api.w.org\/{rel}","templated":true}]}}