{"id":113,"date":"2014-04-21T15:52:04","date_gmt":"2014-04-21T15:52:04","guid":{"rendered":"http:\/\/id-build.com\/wp-ARBCA\/?page_id=113"},"modified":"2023-04-19T16:15:08","modified_gmt":"2023-04-19T19:15:08","slug":"contact-us-2","status":"publish","type":"page","link":"https:\/\/atlanticrbca.com\/fr\/contact-us-2\/","title":{"rendered":"Coordonn\u00e9es de RBCA de l\u2019Atlantique"},"content":{"rendered":"<p>Pour obtenir de plus amples renseignements au sujet de RBCA de l\u2019Atlantique, veuillez communiquer avec le <strong><a href=\"mailto:info@atlanticrbca.com\">comit\u00e9 du PIRI<\/a><\/strong>\u00a0ou l\u2019un des minist\u00e8res ci-dessous.<\/p>\n<p><a class=\"downbtn rounded email\" title=\"COMMUNIQUER AVEC LE COMIT\u00c9 DU PIRI\" href=\"mailto:info@atlanticrbca.com\"><strong>COMMUNIQUER AVEC LE COMIT\u00c9 DU PIRI<\/strong><\/a><\/p>\n<p><a name=\"nb\"><\/a><\/p>\n<div class=\"contactbox rounded clearfix\"><a href=\"https:\/\/www2.gnb.ca\/content\/gnb\/fr\/ministeres\/egl.html\" target=\"_blank\" rel=\"noopener noreferrer\"><strong><img loading=\"lazy\" decoding=\"async\" class=\"alignnone wp-image-632 size-full\" src=\"https:\/\/atlanticrbca.com\/wp-content\/uploads\/2014\/04\/NB_Colour.gif\" alt=\"Nouveau-Brunswick\" width=\"200\" height=\"69\" \/><\/strong><\/a><br \/>\n<a href=\"https:\/\/www2.gnb.ca\/content\/gnb\/fr\/ministeres\/egl.html\" target=\"_blank\" rel=\"noopener noreferrer\"><strong>Minist\u00e8re de l\u2019Environnement et des Gouvernements locaux du Nouveau-Brunswick<\/strong><\/a><\/p>\n<div>Personne-ressource : <strong>Michel Poirier<\/strong><br \/>\nT\u00e9l\u00e9phone : 506-453-7945<br \/>\nCourriel : <a href=\"mailto:michel.poirier@gnb.ca\">michel.poirier@gnb.ca<\/a><\/div>\n<div>C.P. 6000<br \/>\n20, place McGloin<br \/>\nPlace Marysville<br \/>\nFredericton (Nouveau-Brunswick)<br \/>\nE3B 5H1<\/div>\n<\/div>\n<p><a name=\"nl\"><\/a><\/p>\n<div class=\"contactbox rounded clearfix\"><a href=\"http:\/\/www.mae.gov.nl.ca\/env_protection\/impactedsites\/index.html\" target=\"_blank\" rel=\"noopener noreferrer\"><img loading=\"lazy\" decoding=\"async\" class=\"alignnone wp-image-846 size-full\" src=\"https:\/\/atlanticrbca.com\/wp-content\/uploads\/2014\/04\/newfoundland_logo.png\" alt=\"Terre-Neuve-et-Labrador\" width=\"170\" height=\"85\" \/><br \/>\n<\/a><a href=\"http:\/\/www.mae.gov.nl.ca\/env_protection\/impactedsites\/index.html\" target=\"_blank\" rel=\"noopener noreferrer\"><strong>Newfoundland &amp; Labrador, Dept. of Environment, Climate Change and Municipalities<\/strong><\/a> (en anglais seulement)<\/p>\n<div>Personne-ressource : <br \/><strong>Jennifer Strickland<\/strong><br \/> et <strong>Anna Roy-Smith<\/strong><br \/>\nT\u00e9l\u00e9phone : 709-729-2648<br \/>\ne-mail: <a href=\"mailto:jenniferstrickland@gov.nl.ca\">jenniferstrickland@gov.nl.ca<\/a><\/div>\n<div>C.P. 8700<br \/>\n\u00c9difice de la Conf\u00e9d\u00e9ration, 4e \u00e9tage Ouest<br \/>\nSt John\u2019s (Terre-Neuve-et-Labrador)<br \/>\nA1B 4J6<\/div>\n<\/div>\n<p><a name=\"ns\"><\/a><\/p>\n<div class=\"contactbox rounded clearfix\"><img loading=\"lazy\" decoding=\"async\" class=\"alignnone wp-image-383 size-full\" src=\"https:\/\/atlanticrbca.com\/wp-content\/uploads\/2014\/04\/ns-logo.jpg\" alt=\"Nouvelle-\u00c9cosse\" width=\"125\" height=\"36\" \/><br \/>\n<a href=\"https:\/\/www.novascotia.ca\/nse\/\" target=\"_blank\" rel=\"noopener noreferrer\"><strong>Environment<\/strong><\/a> (en anglais seulement)<\/p>\n<div>Personnes-ressources : <strong>Brent Cox<\/strong> ( copresident du PIRI de l&rsquo;Atlantique) ou <strong>Jonathan Kay<\/strong><br \/>\nCourriel :<br \/>\n<a href=\"mailto:Brent.Cox@novascotia.ca\">Brent.Cox@novascotia.ca<\/a><br \/>\n<a href=\"mailto:Jonathan.Kay@novascotia.ca\">Jonathan.Kay@novascotia.ca<\/a><\/div>\n<div>1903, rue Barrington<br \/>\nBureau 2085<br \/>\nC.P. 442<br \/>\nHalifax (Nouvelle-\u00c9cosse)<br \/>\nB3J 2P8<\/div>\n<\/div>\n<p><a name=\"pei\"><\/a><\/p>\n<div class=\"contactbox rounded clearfix\"><a href=\"https:\/\/www.princeedwardisland.ca\/fr\/sujet\/communautes-terres-et-environnement\" target=\"_blank\" rel=\"noopener noreferrer\"><img loading=\"lazy\" decoding=\"async\" class=\"alignnone size-full wp-image-384\" src=\"https:\/\/atlanticrbca.com\/wp-content\/uploads\/2014\/04\/pei.jpg\" alt=\"pei\" width=\"125\" height=\"79\" \/><br \/>\n<strong>Minist\u00e8re des Communaut\u00e9s, des Terres et de l\u2019Environnement de l\u2019\u00cele-du-Prince-\u00c9douard<\/strong><\/a><\/p>\n<div>Personne-ressource : <strong>Barry Jackson<\/strong><br \/>\nT\u00e9l\u00e9phone : 902-368-5173<br \/>\nCourriel : <a href=\"mailto:bajackson@gov.pe.ca\">bajackson@gov.pe.ca<\/a><\/div>\n<div>\u00c9difice Jones, 11, rue Kent<br \/>\nC.P. 2000<br \/>\nCharlottetown (\u00cele-du-Prince-\u00c9douard)<br \/>\nC1A 7N8<\/div>\n<\/div>\n","protected":false},"excerpt":{"rendered":"<p>Pour obtenir de plus amples renseignements au sujet de RBCA de l\u2019Atlantique, veuillez communiquer avec le comit\u00e9 du PIRI\u00a0ou l\u2019un des minist\u00e8res ci-dessous. COMMUNIQUER AVEC LE COMIT\u00c9 DU PIRI Minist\u00e8re de l\u2019Environnement et des Gouvernements locaux du Nouveau-Brunswick Personne-ressource : Michel Poirier T\u00e9l\u00e9phone : 506-453-7945 Courriel : michel.poirier@gnb.ca C.P. 6000 20, place McGloin Place Marysville <a class=\"moretag learnmore-btn rounded\" href=\"https:\/\/atlanticrbca.com\/fr\/contact-us-2\/\">EN SAVOIR PLUS&#8230;<\/a><\/p>\n","protected":false},"author":1,"featured_media":0,"parent":0,"menu_order":0,"comment_status":"open","ping_status":"open","template":"","meta":{"_acf_changed":false,"footnotes":""},"class_list":["post-113","page","type-page","status-publish","hentry"],"acf":[],"_links":{"self":[{"href":"https:\/\/atlanticrbca.com\/fr\/wp-json\/wp\/v2\/pages\/113","targetHints":{"allow":["GET"]}}],"collection":[{"href":"https:\/\/atlanticrbca.com\/fr\/wp-json\/wp\/v2\/pages"}],"about":[{"href":"https:\/\/atlanticrbca.com\/fr\/wp-json\/wp\/v2\/types\/page"}],"author":[{"embeddable":true,"href":"https:\/\/atlanticrbca.com\/fr\/wp-json\/wp\/v2\/users\/1"}],"replies":[{"embeddable":true,"href":"https:\/\/atlanticrbca.com\/fr\/wp-json\/wp\/v2\/comments?post=113"}],"version-history":[{"count":78,"href":"https:\/\/atlanticrbca.com\/fr\/wp-json\/wp\/v2\/pages\/113\/revisions"}],"predecessor-version":[{"id":3441,"href":"https:\/\/atlanticrbca.com\/fr\/wp-json\/wp\/v2\/pages\/113\/revisions\/3441"}],"wp:attachment":[{"href":"https:\/\/atlanticrbca.com\/fr\/wp-json\/wp\/v2\/media?parent=113"}],"curies":[{"name":"wp","href":"https:\/\/api.w.org\/{rel}","templated":true}]}}