{"id":103,"date":"2014-04-21T15:49:06","date_gmt":"2014-04-21T15:49:06","guid":{"rendered":"http:\/\/id-build.com\/wp-ARBCA\/?page_id=103"},"modified":"2021-11-19T09:52:07","modified_gmt":"2021-11-19T13:52:07","slug":"rbca-de-latlantique-v3","status":"publish","type":"page","link":"https:\/\/atlanticrbca.com\/fr\/rbca-de-latlantique-v3\/","title":{"rendered":"Logiciel RBCA de l\u2019Atlantique V4"},"content":{"rendered":"<h1><strong class=\"red\">Logiciel RBCA de l\u2019Atlantique V4<\/strong><\/h1>\n<p>Le logiciel RBCA de l\u2019Atlantique V3 est un programme complet de mod\u00e9lisation et de caract\u00e9risation des risques pour les \u00e9valuations des paliers\u00a01 et 2 du protocole de RBCA de l\u2019Atlantique pour les sites de rejet de produits p\u00e9troliers. Ce logiciel est une version du populaire outil appel\u00e9 <em>RBCA Tool Kit for Chemical Releases<\/em> de GSI\u00a0Environmental Inc. express\u00e9ment adapt\u00e9e aux besoins de la r\u00e9gion. Il est con\u00e7u pour effectuer les calculs requis aux paliers\u00a01 et 2 du protocole de RBCA de l\u2019Atlantique, y compris l\u2019harmonisation avec le Standard pancanadien relatif aux hydrocarbures p\u00e9troliers (SP-HCP) de 2008 \u00e9labor\u00e9 par le Conseil canadien des ministres de l\u2019environnement (CCME). La Trousse d\u2019outils de RBCA de l\u2019Atlantique pour le Canada atlantique s\u2019appuie sur des param\u00e8tres par d\u00e9faut, des options de mod\u00e9lisation et des donn\u00e9es chimiques compatibles avec ceux indiqu\u00e9s dans le <a href=\"https:\/\/atlanticrbca.com\/wp-content\/files_mf\/1443702097ATLANTIC_RBCA_User_Guidancev3_updated_September2015.pdf\"><strong>Atlantic RBCA V3 User Guidance<\/strong><\/a> (en anglais seulement).<\/p>\n<p>Pour obtenir de plus amples renseignements au sujet des fonctionnalit\u00e9s et des sp\u00e9cifications du logiciel ou pour acheter la Trousse d\u2019outils de RBCA de l\u2019Atlantique, consultez le site <strong><a href=\"https:\/\/www.gsi-net.com\/en\/software\/rbca-tool-kit-for-atlantic-canada-v3-2-2.html\">GSI Environmental Inc.<\/a><\/strong><\/p>\n","protected":false},"excerpt":{"rendered":"<p>Logiciel RBCA de l\u2019Atlantique V4 Le logiciel RBCA de l\u2019Atlantique V3 est un programme complet de mod\u00e9lisation et de caract\u00e9risation des risques pour les \u00e9valuations des paliers\u00a01 et 2 du protocole de RBCA de l\u2019Atlantique pour les sites de rejet de produits p\u00e9troliers. Ce logiciel est une version du populaire outil appel\u00e9 RBCA Tool Kit <a class=\"moretag learnmore-btn rounded\" href=\"https:\/\/atlanticrbca.com\/fr\/rbca-de-latlantique-v3\/\">EN SAVOIR PLUS&#8230;<\/a><\/p>\n","protected":false},"author":1,"featured_media":0,"parent":0,"menu_order":0,"comment_status":"open","ping_status":"open","template":"","meta":{"_acf_changed":false,"footnotes":""},"class_list":["post-103","page","type-page","status-publish","hentry"],"acf":[],"_links":{"self":[{"href":"https:\/\/atlanticrbca.com\/fr\/wp-json\/wp\/v2\/pages\/103","targetHints":{"allow":["GET"]}}],"collection":[{"href":"https:\/\/atlanticrbca.com\/fr\/wp-json\/wp\/v2\/pages"}],"about":[{"href":"https:\/\/atlanticrbca.com\/fr\/wp-json\/wp\/v2\/types\/page"}],"author":[{"embeddable":true,"href":"https:\/\/atlanticrbca.com\/fr\/wp-json\/wp\/v2\/users\/1"}],"replies":[{"embeddable":true,"href":"https:\/\/atlanticrbca.com\/fr\/wp-json\/wp\/v2\/comments?post=103"}],"version-history":[{"count":25,"href":"https:\/\/atlanticrbca.com\/fr\/wp-json\/wp\/v2\/pages\/103\/revisions"}],"predecessor-version":[{"id":3495,"href":"https:\/\/atlanticrbca.com\/fr\/wp-json\/wp\/v2\/pages\/103\/revisions\/3495"}],"wp:attachment":[{"href":"https:\/\/atlanticrbca.com\/fr\/wp-json\/wp\/v2\/media?parent=103"}],"curies":[{"name":"wp","href":"https:\/\/api.w.org\/{rel}","templated":true}]}}